{"id":14,"date":"2009-02-24T21:51:47","date_gmt":"2009-02-24T20:51:47","guid":{"rendered":"http:\/\/lab.scholz.com.pl\/?page_id=14"},"modified":"2024-06-04T18:59:21","modified_gmt":"2024-06-04T16:59:21","slug":"specjalizacja","status":"publish","type":"page","link":"http:\/\/www.scholz.com.pl\/de\/info\/spezialisierung\/","title":{"rendered":"Fachgebiete"},"content":{"rendered":"<p><!--:--><!--:de-->Meine Hauptfachgebiete:<\/p>\n<p><strong>Rechts- und Finanzwesen:<\/strong><\/p>\n<ul type=\"disc\">\n<li>Patente \u2013 vor allem aus dem Gebiet der Technik- und Industriel\u00f6sungen,<\/li>\n<li>Baurecht&nbsp;\u2013 Regelwerke, Vertr\u00e4ge, Ausschreibungsunterlagen, Baudokumentation,<\/li>\n<li>EU-Recht \u2013 Richtlinien, Verordnungen, Informationsmaterialien,<\/li>\n<li>Vertr\u00e4ge aller Art,<\/li>\n<li>Versicherungsunterlagen,<\/li>\n<li>Gewinn- und Verlustrechnungen.<\/li>\n<\/ul>\n<p><strong>IT und Telekommunikation:<\/strong><\/p>\n<ul type=\"disc\">\n<li>Software-Lokalisierung&nbsp;\u2013 Programmoberfl\u00e4che und Online-Hilfe,<\/li>\n<li>Benutzerhandb\u00fccher und Software-Dokumentation, Werbematerialien,<\/li>\n<li>Lokalisierung von Webseiten,<\/li>\n<li>Handb\u00fccher und Dokumentation f\u00fcr die Mobil- und Festnetzger\u00e4te.<\/li>\n<\/ul>\n<p><strong>Technologie und Automatisierung:<\/strong><\/p>\n<ul type=\"disc\">\n<li>Handb\u00fccher und technische Dokumentation,<\/li>\n<li>Software f\u00fcr die Steuerungssysteme,<\/li>\n<li>Dokumentation f\u00fcr die Fertigungslinien,<\/li>\n<li>technische Dokumentation von Maschinen und Anlagen,<\/li>\n<li>Zerspanung \u2013 Werkzeuge und Bearbeitungszentren.<\/li>\n<\/ul>\n<p><strong>Bauwesen:<\/strong><\/p>\n<ul type=\"disc\">\n<li>Handb\u00fccher und Dokumentation von Baumaschinen,<\/li>\n<li>bauliche Unterlagen,<\/li>\n<li>geotechnische Analysen und Vermessungsdokumentation,<\/li>\n<li>Ausschreibungsunterlagen.<\/li>\n<\/ul>\n<p><strong>Automotive:<\/strong><\/p>\n<ul type=\"disc\">\n<li>Handb\u00fccher,<\/li>\n<li>technische Dokumentation,<\/li>\n<li>Diagnose-Software,<\/li>\n<li>Informations- und Werbeunterlagen.<\/li>\n<\/ul>\n<p><strong>Werbung, Marketing, Trainings:<\/strong><\/p>\n<ul type=\"disc\">\n<li>Schulungsunterlagen,<\/li>\n<li>Werbeprospekte, Brosch\u00fcren,<\/li>\n<li>Informationen im Internet.<\/li>\n<\/ul>\n<p><strong>Umweltschutz:<\/strong><\/p>\n<ul type=\"disc\">\n<li>Abfallwirtschaft,<\/li>\n<li>Umsetzung von Vorschriften,<\/li>\n<li>Geoinformatik.<\/li>\n<\/ul>\n<p>Die Texte aus dem Gebiet der Medizin,&nbsp;Pharmazie, Chemie und Biologie \u00fcberlasse ich allerdings den mehr darin erfahrenen Kollegen\/Kolleginen.<!--:--><\/p>\n","protected":false},"excerpt":{"rendered":"<p>Meine Hauptfachgebiete: Rechts- und Finanzwesen: Patente \u2013 vor allem aus dem Gebiet der Technik- und Industriel\u00f6sungen, Baurecht&nbsp;\u2013 Regelwerke, Vertr\u00e4ge, Ausschreibungsunterlagen, Baudokumentation, EU-Recht \u2013 Richtlinien, Verordnungen, Informationsmaterialien, Vertr\u00e4ge aller Art, Versicherungsunterlagen, Gewinn- und Verlustrechnungen. IT und Telekommunikation: Software-Lokalisierung&nbsp;\u2013 Programmoberfl\u00e4che und Online-Hilfe, Benutzerhandb\u00fccher und Software-Dokumentation, Werbematerialien, Lokalisierung von Webseiten, Handb\u00fccher und Dokumentation f\u00fcr die Mobil- und Festnetzger\u00e4te. [&hellip;]<\/p>\n","protected":false},"author":2,"featured_media":0,"parent":6,"menu_order":35,"comment_status":"closed","ping_status":"closed","template":"","meta":{"om_disable_all_campaigns":false,"_monsterinsights_skip_tracking":false,"_monsterinsights_sitenote_active":false,"_monsterinsights_sitenote_note":"","_monsterinsights_sitenote_category":0,"footnotes":""},"class_list":["post-14","page","type-page","status-publish","hentry"],"aioseo_notices":[],"_links":{"self":[{"href":"http:\/\/www.scholz.com.pl\/de\/wp-json\/wp\/v2\/pages\/14","targetHints":{"allow":["GET"]}}],"collection":[{"href":"http:\/\/www.scholz.com.pl\/de\/wp-json\/wp\/v2\/pages"}],"about":[{"href":"http:\/\/www.scholz.com.pl\/de\/wp-json\/wp\/v2\/types\/page"}],"author":[{"embeddable":true,"href":"http:\/\/www.scholz.com.pl\/de\/wp-json\/wp\/v2\/users\/2"}],"replies":[{"embeddable":true,"href":"http:\/\/www.scholz.com.pl\/de\/wp-json\/wp\/v2\/comments?post=14"}],"version-history":[{"count":13,"href":"http:\/\/www.scholz.com.pl\/de\/wp-json\/wp\/v2\/pages\/14\/revisions"}],"predecessor-version":[{"id":2176329,"href":"http:\/\/www.scholz.com.pl\/de\/wp-json\/wp\/v2\/pages\/14\/revisions\/2176329"}],"up":[{"embeddable":true,"href":"http:\/\/www.scholz.com.pl\/de\/wp-json\/wp\/v2\/pages\/6"}],"wp:attachment":[{"href":"http:\/\/www.scholz.com.pl\/de\/wp-json\/wp\/v2\/media?parent=14"}],"curies":[{"name":"wp","href":"https:\/\/api.w.org\/{rel}","templated":true}]}}