{"id":2,"date":"2009-02-24T18:47:54","date_gmt":"2009-02-24T17:47:54","guid":{"rendered":"http:\/\/lab.scholz.com.pl\/?page_id=2"},"modified":"2024-06-06T00:09:57","modified_gmt":"2024-06-05T22:09:57","slug":"home","status":"publish","type":"page","link":"http:\/\/www.scholz.com.pl\/de\/","title":{"rendered":"Home"},"content":{"rendered":"\r\n<figure class=\"wp-block-image size-large is-resized\"><img loading=\"lazy\" decoding=\"async\" width=\"1873\" height=\"2499\" class=\"wp-image-2176367\" style=\"aspect-ratio: 0.8333333333333334; object-fit: cover; width: 309px; height: auto;\" title=\"Jacek\" src=\"http:\/\/www.scholz.com.pl\/wp-content\/uploads\/2024\/06\/jacekjpg-edited-1.jpg\" alt=\"\" srcset=\"http:\/\/www.scholz.com.pl\/wp-content\/uploads\/2024\/06\/jacekjpg-edited-1.jpg 1873w, http:\/\/www.scholz.com.pl\/wp-content\/uploads\/2024\/06\/jacekjpg-edited-1-225x300.jpg 225w, http:\/\/www.scholz.com.pl\/wp-content\/uploads\/2024\/06\/jacekjpg-edited-1-767x1024.jpg 767w, http:\/\/www.scholz.com.pl\/wp-content\/uploads\/2024\/06\/jacekjpg-edited-1-768x1025.jpg 768w, http:\/\/www.scholz.com.pl\/wp-content\/uploads\/2024\/06\/jacekjpg-edited-1-1151x1536.jpg 1151w, http:\/\/www.scholz.com.pl\/wp-content\/uploads\/2024\/06\/jacekjpg-edited-1-1535x2048.jpg 1535w\" sizes=\"auto, (max-width: 1873px) 100vw, 1873px\" \/><\/figure>\r\n\r\n\r\n\r\nHerzlich wilkommen auf meiner Webseite!\r\n\r\nIch besch\u00e4ftige mich beruflich mit der \u00dcbersetzung von Fachtexten aus vielen Themenbereichen in der Sprachenkombination Deutsch\/Polnisch. Dar\u00fcber hinaus stehe ich Ihnen&nbsp;gerne auch als Dolmetscher zur Verf\u00fcgung.\r\n\r\nAuf den weiteren Seiten meines Webauftritts k\u00f6nnen Sie genauere Informationen \u00fcber meine Dienstleistungen im Rahmen meiner \u00dcbersetzerarbeit, sowie die Details \u00fcber meine wissenschaftliche T\u00e4tigkeit erfahren.\r\n<p style=\"text-align: right;\"><em>Ich bin gerne f\u00fcr Sie da!<\/em><\/p>\r\n<!--:-->","protected":false},"excerpt":{"rendered":"<p>\u00dcbersetzungen, Korrekturlesen, Post-Edition<\/p>\n","protected":false},"author":2,"featured_media":0,"parent":0,"menu_order":10,"comment_status":"closed","ping_status":"closed","template":"","meta":{"om_disable_all_campaigns":false,"_monsterinsights_skip_tracking":false,"_monsterinsights_sitenote_active":false,"_monsterinsights_sitenote_note":"","_monsterinsights_sitenote_category":0,"footnotes":""},"class_list":["post-2","page","type-page","status-publish","hentry"],"aioseo_notices":[],"_links":{"self":[{"href":"http:\/\/www.scholz.com.pl\/de\/wp-json\/wp\/v2\/pages\/2","targetHints":{"allow":["GET"]}}],"collection":[{"href":"http:\/\/www.scholz.com.pl\/de\/wp-json\/wp\/v2\/pages"}],"about":[{"href":"http:\/\/www.scholz.com.pl\/de\/wp-json\/wp\/v2\/types\/page"}],"author":[{"embeddable":true,"href":"http:\/\/www.scholz.com.pl\/de\/wp-json\/wp\/v2\/users\/2"}],"replies":[{"embeddable":true,"href":"http:\/\/www.scholz.com.pl\/de\/wp-json\/wp\/v2\/comments?post=2"}],"version-history":[{"count":56,"href":"http:\/\/www.scholz.com.pl\/de\/wp-json\/wp\/v2\/pages\/2\/revisions"}],"predecessor-version":[{"id":2176370,"href":"http:\/\/www.scholz.com.pl\/de\/wp-json\/wp\/v2\/pages\/2\/revisions\/2176370"}],"wp:attachment":[{"href":"http:\/\/www.scholz.com.pl\/de\/wp-json\/wp\/v2\/media?parent=2"}],"curies":[{"name":"wp","href":"https:\/\/api.w.org\/{rel}","templated":true}]}}